{"id":706,"date":"2013-08-16T13:55:52","date_gmt":"2013-08-16T11:55:52","guid":{"rendered":"http:\/\/www.nawostro.cz\/?page_id=706"},"modified":"2021-09-24T11:52:52","modified_gmt":"2021-09-24T09:52:52","slug":"playlist","status":"publish","type":"page","link":"https:\/\/www.nawostro.cz\/?page_id=706","title":{"rendered":"Playlist"},"content":{"rendered":"<p>Na festivalech a kr\u00e1tk\u00fdch vystoupen\u00edch cca do 1 hodiny hrajeme v\u00fdhradn\u011b na\u0161\u00ed tvorbu<\/p>\n<p>1. Nebejt na kolenou<\/p>\n<p>2. Z\u00e1vod s \u010dasem<\/p>\n<p>3. Tul\u00e1ck\u00e1 pl\u00ed\u017eiv\u00e1<\/p>\n<p>4. Country ve Zl\u00e1man\u00fd Lhot\u011b<\/p>\n<p>5. \u00dad\u011bl<\/p>\n<p>6. Po sv\u00fdm si \u017e\u00edt<\/p>\n<p>7. B\u016f\u010dkov\u00fd blues<\/p>\n<p>8. Po n\u00e1s potopa<\/p>\n<p>9. \u0160vadrona<\/p>\n<p>10. Ko\u0159alkov\u00e1 nepl\u00ed\u017eiv\u00e1<\/p>\n<p>11. Holka provon\u011bn\u00e1 jehli\u010d\u00edm<\/p>\n<p>12. Sekera<\/p>\n<p>13. Toulav\u00fd n\u00e1lady<\/p>\n<p>14. Zklam\u00e1n\u00ed<\/p>\n<p>15. Cht\u011bl bych<\/p>\n<p>16. D\u011bsnej sen<\/p>\n<p>17. Vandr\u00e1ck\u00fd v\u00e1noce<\/p>\n<p>18. P\u0159\u00edbeh o tom jak Tom k Nawostro p\u0159i\u0161el<\/p>\n<p>&#8212;&#8212;&#8212;&#8212;&#8212;&#8212;&#8212;&#8212;&#8212;&#8212;&#8212;&#8212;&#8212;&#8212;&#8212;&#8212;&#8212;&#8212;&#8212;&#8212;&#8212;&#8212;&#8212;&#8212;&#8212;&#8212;&#8212;&#8212;&#8212;&#8212;&#8212;&#8212;&#8212;&#8212;&#8212;&#8212;&#8212;&#8212;&#8212;&#8212;<\/p>\n<p><strong><span style=\"text-decoration: underline;\">Zde je playlist na na\u0161e celove\u010dern\u00ed vystoupen\u00ed.<\/span><\/strong><\/p>\n<p>Pro pot\u0159eby spole\u010dnost\u00ed OSA, Intergram a pod. pou\u017e\u00edt prvn\u00edch 50 skladeb, ostatn\u00ed jsou pro p\u0159\u00edpad obm\u011bny reperto\u00e1ru dle typu akce, p\u0159\u00edpadn\u011b na p\u0159\u00e1n\u00ed div\u00e1k\u016f.<\/p>\n<p>&nbsp;<\/p>\n\n\n<figure class=\"wp-block-image size-large\"><img loading=\"lazy\" width=\"676\" height=\"1024\" src=\"http:\/\/www.nawostro.cz\/wp-content\/uploads\/2021\/09\/Obsah-na-wed-24-9-2021-676x1024.jpg\" alt=\"\" class=\"wp-image-1710\" srcset=\"https:\/\/www.nawostro.cz\/wp-content\/uploads\/2021\/09\/Obsah-na-wed-24-9-2021-676x1024.jpg 676w, https:\/\/www.nawostro.cz\/wp-content\/uploads\/2021\/09\/Obsah-na-wed-24-9-2021-198x300.jpg 198w, https:\/\/www.nawostro.cz\/wp-content\/uploads\/2021\/09\/Obsah-na-wed-24-9-2021-768x1163.jpg 768w, https:\/\/www.nawostro.cz\/wp-content\/uploads\/2021\/09\/Obsah-na-wed-24-9-2021-1014x1536.jpg 1014w, https:\/\/www.nawostro.cz\/wp-content\/uploads\/2021\/09\/Obsah-na-wed-24-9-2021.jpg 1080w\" sizes=\"(max-width: 676px) 100vw, 676px\" \/><\/figure>\n","protected":false},"excerpt":{"rendered":"<p>Na festivalech a kr\u00e1tk\u00fdch vystoupen\u00edch cca do 1 hodiny hrajeme v\u00fdhradn\u011b na\u0161\u00ed tvorbu 1. Nebejt na kolenou 2. Z\u00e1vod s \u010dasem 3. Tul\u00e1ck\u00e1 pl\u00ed\u017eiv\u00e1 4. Country ve Zl\u00e1man\u00fd Lhot\u011b 5. \u00dad\u011bl 6. Po sv\u00fdm si \u017e\u00edt 7. B\u016f\u010dkov\u00fd blues 8. Po n\u00e1s potopa 9. \u0160vadrona 10. Ko\u0159alkov\u00e1 nepl\u00ed\u017eiv\u00e1 11. Holka provon\u011bn\u00e1 jehli\u010d\u00edm 12. Sekera 13. [&hellip;]<\/p>\n","protected":false},"author":1,"featured_media":0,"parent":0,"menu_order":6,"comment_status":"closed","ping_status":"closed","template":"","meta":{"ngg_post_thumbnail":0},"_links":{"self":[{"href":"https:\/\/www.nawostro.cz\/index.php?rest_route=\/wp\/v2\/pages\/706"}],"collection":[{"href":"https:\/\/www.nawostro.cz\/index.php?rest_route=\/wp\/v2\/pages"}],"about":[{"href":"https:\/\/www.nawostro.cz\/index.php?rest_route=\/wp\/v2\/types\/page"}],"author":[{"embeddable":true,"href":"https:\/\/www.nawostro.cz\/index.php?rest_route=\/wp\/v2\/users\/1"}],"replies":[{"embeddable":true,"href":"https:\/\/www.nawostro.cz\/index.php?rest_route=%2Fwp%2Fv2%2Fcomments&post=706"}],"version-history":[{"count":13,"href":"https:\/\/www.nawostro.cz\/index.php?rest_route=\/wp\/v2\/pages\/706\/revisions"}],"predecessor-version":[{"id":1711,"href":"https:\/\/www.nawostro.cz\/index.php?rest_route=\/wp\/v2\/pages\/706\/revisions\/1711"}],"wp:attachment":[{"href":"https:\/\/www.nawostro.cz\/index.php?rest_route=%2Fwp%2Fv2%2Fmedia&parent=706"}],"curies":[{"name":"wp","href":"https:\/\/api.w.org\/{rel}","templated":true}]}}