{"id":553,"date":"2013-06-07T11:26:45","date_gmt":"2013-06-07T09:26:45","guid":{"rendered":"http:\/\/www.nawostro.cz\/?page_id=553"},"modified":"2023-02-16T12:31:05","modified_gmt":"2023-02-16T10:31:05","slug":"pro-poradatele","status":"publish","type":"page","link":"https:\/\/www.nawostro.cz\/?page_id=553","title":{"rendered":"Po\u0159adatel\u016fm"},"content":{"rendered":"<p>Aktu\u00e1ln\u00ed stage pl\u00e1n NAWOSTRO &nbsp; &nbsp; &nbsp; &nbsp; &nbsp; &nbsp; &nbsp; &nbsp; &nbsp;(jednodu\u0161\u00ed verze ve wordu &nbsp;<a href=\"http:\/\/www.nawostro.cz\/wp-content\/uploads\/2013\/06\/stage-plan-NAWOSTRO-world.docx\">stage NAWOSTRO<\/a>)<\/p>\n<p>&nbsp;<\/p>\n\n\n<figure class=\"wp-block-gallery columns-1 is-cropped\"><ul class=\"blocks-gallery-grid\"><li class=\"blocks-gallery-item\"><figure><img loading=\"lazy\" width=\"1024\" height=\"793\" src=\"http:\/\/www.nawostro.cz\/wp-content\/uploads\/2023\/02\/NAWOSTRO-STAGE-PLAN-2023-1024x793.jpg\" alt=\"\" data-id=\"1902\" data-full-url=\"http:\/\/www.nawostro.cz\/wp-content\/uploads\/2023\/02\/NAWOSTRO-STAGE-PLAN-2023.jpg\" data-link=\"http:\/\/www.nawostro.cz\/?attachment_id=1902\" class=\"wp-image-1902\" srcset=\"https:\/\/www.nawostro.cz\/wp-content\/uploads\/2023\/02\/NAWOSTRO-STAGE-PLAN-2023-1024x793.jpg 1024w, https:\/\/www.nawostro.cz\/wp-content\/uploads\/2023\/02\/NAWOSTRO-STAGE-PLAN-2023-300x232.jpg 300w, https:\/\/www.nawostro.cz\/wp-content\/uploads\/2023\/02\/NAWOSTRO-STAGE-PLAN-2023-768x595.jpg 768w, https:\/\/www.nawostro.cz\/wp-content\/uploads\/2023\/02\/NAWOSTRO-STAGE-PLAN-2023-1536x1189.jpg 1536w, https:\/\/www.nawostro.cz\/wp-content\/uploads\/2023\/02\/NAWOSTRO-STAGE-PLAN-2023-2048x1586.jpg 2048w\" sizes=\"(max-width: 1024px) 100vw, 1024px\" \/><\/figure><\/li><\/ul><\/figure>\n","protected":false},"excerpt":{"rendered":"<p>Aktu\u00e1ln\u00ed stage pl\u00e1n NAWOSTRO &nbsp; &nbsp; &nbsp; &nbsp; &nbsp; &nbsp; &nbsp; &nbsp; &nbsp;(jednodu\u0161\u00ed verze ve wordu &nbsp;stage NAWOSTRO) &nbsp;<\/p>\n","protected":false},"author":1,"featured_media":0,"parent":0,"menu_order":7,"comment_status":"closed","ping_status":"closed","template":"","meta":{"ngg_post_thumbnail":0},"_links":{"self":[{"href":"https:\/\/www.nawostro.cz\/index.php?rest_route=\/wp\/v2\/pages\/553"}],"collection":[{"href":"https:\/\/www.nawostro.cz\/index.php?rest_route=\/wp\/v2\/pages"}],"about":[{"href":"https:\/\/www.nawostro.cz\/index.php?rest_route=\/wp\/v2\/types\/page"}],"author":[{"embeddable":true,"href":"https:\/\/www.nawostro.cz\/index.php?rest_route=\/wp\/v2\/users\/1"}],"replies":[{"embeddable":true,"href":"https:\/\/www.nawostro.cz\/index.php?rest_route=%2Fwp%2Fv2%2Fcomments&post=553"}],"version-history":[{"count":23,"href":"https:\/\/www.nawostro.cz\/index.php?rest_route=\/wp\/v2\/pages\/553\/revisions"}],"predecessor-version":[{"id":1906,"href":"https:\/\/www.nawostro.cz\/index.php?rest_route=\/wp\/v2\/pages\/553\/revisions\/1906"}],"wp:attachment":[{"href":"https:\/\/www.nawostro.cz\/index.php?rest_route=%2Fwp%2Fv2%2Fmedia&parent=553"}],"curies":[{"name":"wp","href":"https:\/\/api.w.org\/{rel}","templated":true}]}}