{"id":214,"date":"2012-02-22T10:44:26","date_gmt":"2012-02-22T08:44:26","guid":{"rendered":"http:\/\/www.nawostro.cz\/?page_id=214"},"modified":"2021-09-15T07:15:41","modified_gmt":"2021-09-15T05:15:41","slug":"cd-2008-po-nas-potopa","status":"publish","type":"page","link":"https:\/\/www.nawostro.cz\/?page_id=214","title":{"rendered":"CD"},"content":{"rendered":"<p>Na podzim roku 2008 jsme si ud\u011blali radost a n\u011bkolik na\u0161ich autorsk\u00fdch p\u00edsn\u00ed<\/p>\n<p>jsme uvedli do stavu dlouhohraj\u00edc\u00ed desky :o)<\/p>\n<p><a href=\"http:\/\/www.nawostro.cz\/wp-content\/uploads\/2011\/06\/booklet.png\"><img loading=\"lazy\" class=\"aligncenter size-medium wp-image-79\" title=\"booklet\" src=\"http:\/\/www.nawostro.cz\/wp-content\/uploads\/2011\/06\/booklet-299x300.png\" alt=\"\" width=\"299\" height=\"300\" srcset=\"https:\/\/www.nawostro.cz\/wp-content\/uploads\/2011\/06\/booklet-299x300.png 299w, https:\/\/www.nawostro.cz\/wp-content\/uploads\/2011\/06\/booklet-150x150.png 150w, https:\/\/www.nawostro.cz\/wp-content\/uploads\/2011\/06\/booklet.png 766w\" sizes=\"(max-width: 299px) 100vw, 299px\" \/><\/a><\/p>\n<p>stahuj <a title=\"CD\" href=\"https:\/\/www.nawostro.cz\/nawostro_CD\/Po_nas_potopa-BONUSOFKA_mp3.rar\" target=\"_blank\" rel=\"noopener noreferrer\">zde<\/a><\/p>\n","protected":false},"excerpt":{"rendered":"<p>Na podzim roku 2008 jsme si ud\u011blali radost a n\u011bkolik na\u0161ich autorsk\u00fdch p\u00edsn\u00ed jsme uvedli do stavu dlouhohraj\u00edc\u00ed desky :o) stahuj zde<\/p>\n","protected":false},"author":1,"featured_media":0,"parent":0,"menu_order":8,"comment_status":"closed","ping_status":"closed","template":"","meta":{"ngg_post_thumbnail":0},"_links":{"self":[{"href":"https:\/\/www.nawostro.cz\/index.php?rest_route=\/wp\/v2\/pages\/214"}],"collection":[{"href":"https:\/\/www.nawostro.cz\/index.php?rest_route=\/wp\/v2\/pages"}],"about":[{"href":"https:\/\/www.nawostro.cz\/index.php?rest_route=\/wp\/v2\/types\/page"}],"author":[{"embeddable":true,"href":"https:\/\/www.nawostro.cz\/index.php?rest_route=\/wp\/v2\/users\/1"}],"replies":[{"embeddable":true,"href":"https:\/\/www.nawostro.cz\/index.php?rest_route=%2Fwp%2Fv2%2Fcomments&post=214"}],"version-history":[{"count":19,"href":"https:\/\/www.nawostro.cz\/index.php?rest_route=\/wp\/v2\/pages\/214\/revisions"}],"predecessor-version":[{"id":1610,"href":"https:\/\/www.nawostro.cz\/index.php?rest_route=\/wp\/v2\/pages\/214\/revisions\/1610"}],"wp:attachment":[{"href":"https:\/\/www.nawostro.cz\/index.php?rest_route=%2Fwp%2Fv2%2Fmedia&parent=214"}],"curies":[{"name":"wp","href":"https:\/\/api.w.org\/{rel}","templated":true}]}}